{"id":21190,"date":"2025-02-04T12:54:59","date_gmt":"2025-02-04T10:54:59","guid":{"rendered":"https:\/\/noxit.io\/okr-examples\/"},"modified":"2026-04-13T16:55:18","modified_gmt":"2026-04-13T14:55:18","slug":"okr-exempel","status":"publish","type":"page","link":"https:\/\/noxit.io\/sv\/okr-exempel\/","title":{"rendered":"OKR exempel"},"content":{"rendered":"\t\t<div data-elementor-type=\"wp-page\" data-elementor-id=\"21190\" class=\"elementor elementor-21190 elementor-17678\" data-elementor-settings=\"{&quot;ha_cmc_init_switcher&quot;:&quot;no&quot;}\" data-elementor-post-type=\"page\">\n\t\t\t\t<div class=\"elementor-element elementor-element-730c7ad e-con-full e-flex e-con e-parent\" data-id=\"730c7ad\" data-element_type=\"container\" data-e-type=\"container\" data-settings=\"{&quot;background_background&quot;:&quot;classic&quot;,&quot;_ha_eqh_enable&quot;:false}\">\n\t\t<div class=\"elementor-element elementor-element-f8bbad6 e-con-full e-flex e-con e-child\" data-id=\"f8bbad6\" data-element_type=\"container\" data-e-type=\"container\" data-settings=\"{&quot;_ha_eqh_enable&quot;:false}\">\n\t\t\t\t<div class=\"elementor-element elementor-element-c2ca88e elementor-widget elementor-widget-heading\" data-id=\"c2ca88e\" data-element_type=\"widget\" data-e-type=\"widget\" data-widget_type=\"heading.default\">\n\t\t\t\t\t<h2 class=\"elementor-heading-title elementor-size-default\">OKR exempel<\/h2>\t\t\t\t<\/div>\n\t\t\t\t<div class=\"elementor-element elementor-element-5083a78 elementor-widget elementor-widget-text-editor\" data-id=\"5083a78\" data-element_type=\"widget\" data-e-type=\"widget\" data-widget_type=\"text-editor.default\">\n\t\t\t\t\t\t\t\t\t<p>Hitta konkreta OKR-exempel f\u00f6r ditt team \u2013 oavsett om du jobbar med marknad, produkt, s\u00e4lj eller HR.<\/p>\t\t\t\t\t\t\t\t<\/div>\n\t\t\t\t<\/div>\n\t\t<div class=\"elementor-element elementor-element-b6bdbf8 e-con-full e-flex e-con e-child\" data-id=\"b6bdbf8\" data-element_type=\"container\" data-e-type=\"container\" data-settings=\"{&quot;_ha_eqh_enable&quot;:false}\">\n\t\t\t\t<div class=\"elementor-element elementor-element-3d422a5 elementor-absolute elementor-widget elementor-widget-image\" data-id=\"3d422a5\" data-element_type=\"widget\" data-e-type=\"widget\" data-settings=\"{&quot;_position&quot;:&quot;absolute&quot;}\" data-widget_type=\"image.default\">\n\t\t\t\t\t\t\t\t\t\t\t\t\t\t\t<img fetchpriority=\"high\" decoding=\"async\" width=\"800\" height=\"293\" src=\"https:\/\/noxit.io\/wp-content\/uploads\/2025\/02\/noxit-okr-1-1024x375.png\" class=\"attachment-large size-large wp-image-17791\" alt=\"\" srcset=\"https:\/\/noxit.io\/wp-content\/uploads\/2025\/02\/noxit-okr-1-1024x375.png 1024w, https:\/\/noxit.io\/wp-content\/uploads\/2025\/02\/noxit-okr-1-300x110.png 300w, https:\/\/noxit.io\/wp-content\/uploads\/2025\/02\/noxit-okr-1-768x281.png 768w, https:\/\/noxit.io\/wp-content\/uploads\/2025\/02\/noxit-okr-1-1536x562.png 1536w, https:\/\/noxit.io\/wp-content\/uploads\/2025\/02\/noxit-okr-1-2048x750.png 2048w\" sizes=\"(max-width: 800px) 100vw, 800px\" \/>\t\t\t\t\t\t\t\t\t\t\t\t\t\t\t<\/div>\n\t\t\t\t<\/div>\n\t\t\t\t<\/div>\n\t\t<div class=\"elementor-element elementor-element-bf7edf3 e-grid e-con-boxed e-con e-parent\" data-id=\"bf7edf3\" data-element_type=\"container\" data-e-type=\"container\" data-settings=\"{&quot;_ha_eqh_enable&quot;:false}\">\n\t\t\t\t\t<div class=\"e-con-inner\">\n\t\t<a class=\"elementor-element elementor-element-8c387ee e-con-full hover-box e-flex e-con e-child\" data-id=\"8c387ee\" data-element_type=\"container\" data-e-type=\"container\" data-settings=\"{&quot;background_background&quot;:&quot;classic&quot;,&quot;_ha_eqh_enable&quot;:false}\" href=\"https:\/\/noxit.io\/okr-examples-company\/\">\n\t\t\t\t<div class=\"elementor-element elementor-element-6ef21f7 ha-has-bg-overlay elementor-widget elementor-widget-heading\" data-id=\"6ef21f7\" data-element_type=\"widget\" data-e-type=\"widget\" data-widget_type=\"heading.default\">\n\t\t\t\t\t<h2 class=\"elementor-heading-title elementor-size-default\">\ud83c\udf10<\/h2>\t\t\t\t<\/div>\n\t\t\t\t<div class=\"elementor-element elementor-element-2744125 hover-text elementor-widget elementor-widget-heading\" data-id=\"2744125\" data-element_type=\"widget\" data-e-type=\"widget\" data-widget_type=\"heading.default\">\n\t\t\t\t\t<h2 class=\"elementor-heading-title elementor-size-default\">F\u00f6retags OKRs<\/h2>\t\t\t\t<\/div>\n\t\t\t\t<\/a>\n\t\t<a class=\"elementor-element elementor-element-c9000b6 e-con-full hover-box e-flex e-con e-child\" data-id=\"c9000b6\" data-element_type=\"container\" data-e-type=\"container\" data-settings=\"{&quot;background_background&quot;:&quot;classic&quot;,&quot;_ha_eqh_enable&quot;:false}\" href=\"https:\/\/noxit.io\/okr-examples-marketing\/\">\n\t\t\t\t<div class=\"elementor-element elementor-element-4aee38e ha-has-bg-overlay elementor-widget elementor-widget-heading\" data-id=\"4aee38e\" data-element_type=\"widget\" data-e-type=\"widget\" data-widget_type=\"heading.default\">\n\t\t\t\t\t<h2 class=\"elementor-heading-title elementor-size-default\">\ud83d\udce3<\/h2>\t\t\t\t<\/div>\n\t\t\t\t<div class=\"elementor-element elementor-element-0ef0ab1 hover-text elementor-widget elementor-widget-heading\" data-id=\"0ef0ab1\" data-element_type=\"widget\" data-e-type=\"widget\" data-widget_type=\"heading.default\">\n\t\t\t\t\t<h2 class=\"elementor-heading-title elementor-size-default\">Marknadsteam<\/h2>\t\t\t\t<\/div>\n\t\t\t\t<\/a>\n\t\t<a class=\"elementor-element elementor-element-8438b51 e-con-full hover-box e-flex e-con e-child\" data-id=\"8438b51\" data-element_type=\"container\" data-e-type=\"container\" data-settings=\"{&quot;background_background&quot;:&quot;classic&quot;,&quot;_ha_eqh_enable&quot;:false}\" href=\"https:\/\/noxit.io\/okr-examples-leadership\/\">\n\t\t\t\t<div class=\"elementor-element elementor-element-607f03c ha-has-bg-overlay elementor-widget elementor-widget-heading\" data-id=\"607f03c\" data-element_type=\"widget\" data-e-type=\"widget\" data-widget_type=\"heading.default\">\n\t\t\t\t\t<h2 class=\"elementor-heading-title elementor-size-default\">\ud83c\udfc6<\/h2>\t\t\t\t<\/div>\n\t\t\t\t<div class=\"elementor-element elementor-element-c77b264 hover-text elementor-widget elementor-widget-heading\" data-id=\"c77b264\" data-element_type=\"widget\" data-e-type=\"widget\" data-widget_type=\"heading.default\">\n\t\t\t\t\t<h2 class=\"elementor-heading-title elementor-size-default\">Ledningsteam<\/h2>\t\t\t\t<\/div>\n\t\t\t\t<\/a>\n\t\t<a class=\"elementor-element elementor-element-28320a9 e-con-full hover-box e-flex e-con e-child\" data-id=\"28320a9\" data-element_type=\"container\" data-e-type=\"container\" data-settings=\"{&quot;background_background&quot;:&quot;classic&quot;,&quot;_ha_eqh_enable&quot;:false}\" href=\"https:\/\/noxit.io\/okr-examples-sales\/\">\n\t\t\t\t<div class=\"elementor-element elementor-element-fd6900e ha-has-bg-overlay elementor-widget elementor-widget-heading\" data-id=\"fd6900e\" data-element_type=\"widget\" data-e-type=\"widget\" data-widget_type=\"heading.default\">\n\t\t\t\t\t<h2 class=\"elementor-heading-title elementor-size-default\">\ud83e\udd11<\/h2>\t\t\t\t<\/div>\n\t\t\t\t<div class=\"elementor-element elementor-element-e4c7286 hover-text elementor-widget elementor-widget-heading\" data-id=\"e4c7286\" data-element_type=\"widget\" data-e-type=\"widget\" data-widget_type=\"heading.default\">\n\t\t\t\t\t<h2 class=\"elementor-heading-title elementor-size-default\">S\u00e4ljteam<\/h2>\t\t\t\t<\/div>\n\t\t\t\t<\/a>\n\t\t<a class=\"elementor-element elementor-element-c739223 e-con-full hover-box e-flex e-con e-child\" data-id=\"c739223\" data-element_type=\"container\" data-e-type=\"container\" data-settings=\"{&quot;background_background&quot;:&quot;classic&quot;,&quot;_ha_eqh_enable&quot;:false}\" href=\"https:\/\/noxit.io\/okr-examples-design\/\">\n\t\t\t\t<div class=\"elementor-element elementor-element-355ac93 ha-has-bg-overlay elementor-widget elementor-widget-heading\" data-id=\"355ac93\" data-element_type=\"widget\" data-e-type=\"widget\" data-widget_type=\"heading.default\">\n\t\t\t\t\t<h2 class=\"elementor-heading-title elementor-size-default\">\ud83c\udfa8<\/h2>\t\t\t\t<\/div>\n\t\t\t\t<div class=\"elementor-element elementor-element-2f6e49b hover-text elementor-widget elementor-widget-heading\" data-id=\"2f6e49b\" data-element_type=\"widget\" data-e-type=\"widget\" data-widget_type=\"heading.default\">\n\t\t\t\t\t<h2 class=\"elementor-heading-title elementor-size-default\">Designteam<\/h2>\t\t\t\t<\/div>\n\t\t\t\t<\/a>\n\t\t<a class=\"elementor-element elementor-element-12da84c e-con-full hover-box e-flex e-con e-child\" data-id=\"12da84c\" data-element_type=\"container\" data-e-type=\"container\" data-settings=\"{&quot;background_background&quot;:&quot;classic&quot;,&quot;_ha_eqh_enable&quot;:false}\" href=\"https:\/\/noxit.io\/okr-examples-engineering\/\">\n\t\t\t\t<div class=\"elementor-element elementor-element-36db74f ha-has-bg-overlay elementor-widget elementor-widget-heading\" data-id=\"36db74f\" data-element_type=\"widget\" data-e-type=\"widget\" data-widget_type=\"heading.default\">\n\t\t\t\t\t<h2 class=\"elementor-heading-title elementor-size-default\">\u2699\ufe0f<\/h2>\t\t\t\t<\/div>\n\t\t\t\t<div class=\"elementor-element elementor-element-e6a2198 hover-text elementor-widget elementor-widget-heading\" data-id=\"e6a2198\" data-element_type=\"widget\" data-e-type=\"widget\" data-widget_type=\"heading.default\">\n\t\t\t\t\t<h2 class=\"elementor-heading-title elementor-size-default\">Utvecklingsteam<\/h2>\t\t\t\t<\/div>\n\t\t\t\t<\/a>\n\t\t\t\t\t<\/div>\n\t\t\t\t<\/div>\n\t\t<div class=\"elementor-element elementor-element-79c961b e-con-full e-flex e-con e-parent\" data-id=\"79c961b\" data-element_type=\"container\" data-e-type=\"container\" data-settings=\"{&quot;_ha_eqh_enable&quot;:false}\">\n\t\t<div class=\"elementor-element elementor-element-eb69cec e-con-full e-flex e-con e-child\" data-id=\"eb69cec\" data-element_type=\"container\" data-e-type=\"container\" data-settings=\"{&quot;background_background&quot;:&quot;classic&quot;,&quot;_ha_eqh_enable&quot;:false}\">\n\t\t\t\t<div class=\"elementor-element elementor-element-3fbb655 elementor-invisible elementor-widget elementor-widget-heading\" data-id=\"3fbb655\" data-element_type=\"widget\" data-e-type=\"widget\" data-settings=\"{&quot;_animation&quot;:&quot;fadeInDown&quot;}\" data-widget_type=\"heading.default\">\n\t\t\t\t\t<h2 class=\"elementor-heading-title elementor-size-default\">Redo att n\u00e5 era m\u00e5l?<\/h2>\t\t\t\t<\/div>\n\t\t\t\t<div class=\"elementor-element elementor-element-dd581a1 elementor-widget__width-auto button-hover elementor-invisible elementor-widget elementor-widget-button\" data-id=\"dd581a1\" data-element_type=\"widget\" data-e-type=\"widget\" data-settings=\"{&quot;_animation&quot;:&quot;fadeInUp&quot;}\" data-widget_type=\"button.default\">\n\t\t\t\t\t\t\t\t\t\t<a class=\"elementor-button elementor-button-link elementor-size-sm elementor-animation-float\" href=\"#elementor-action%3Aaction%3Dpopup%3Aopen%26settings%3DeyJpZCI6NjQyMSwidG9nZ2xlIjpmYWxzZX0%3D\">\n\t\t\t\t\t\t<span class=\"elementor-button-content-wrapper\">\n\t\t\t\t\t\t\t\t\t<span class=\"elementor-button-text\">Boka en demo<\/span>\n\t\t\t\t\t<\/span>\n\t\t\t\t\t<\/a>\n\t\t\t\t\t\t\t\t<\/div>\n\t\t\t\t<\/div>\n\t\t\t\t<\/div>\n\t\t\t\t<\/div>\n\t\t","protected":false},"excerpt":{"rendered":"<p>OKR exempel Hitta konkreta OKR-exempel f\u00f6r ditt team \u2013 oavsett om du jobbar med marknad, produkt, s\u00e4lj eller HR. \ud83c\udf10 F\u00f6retags OKRs \ud83d\udce3 Marknadsteam \ud83c\udfc6 Ledningsteam \ud83e\udd11 S\u00e4ljteam \ud83c\udfa8 Designteam \u2699\ufe0f Utvecklingsteam Redo att n\u00e5 era m\u00e5l? Boka en demo<\/p>\n","protected":false},"author":3,"featured_media":0,"parent":0,"menu_order":0,"comment_status":"closed","ping_status":"closed","template":"","meta":{"footnotes":""},"class_list":["post-21190","page","type-page","status-publish","hentry"],"yoast_head":"<!-- This site is optimized with the Yoast SEO plugin v27.4 - https:\/\/yoast.com\/product\/yoast-seo-wordpress\/ -->\n<title>OKR exempel | Noxit<\/title>\n<meta name=\"description\" content=\"Se konkreta OKR-exempel fr\u00e5n olika team och branscher \u2013 fr\u00e5n marknad och s\u00e4lj till produkt och HR. Hitta inspiration f\u00f6r dina egna m\u00e5l.\" \/>\n<meta name=\"robots\" content=\"index, follow, max-snippet:-1, max-image-preview:large, max-video-preview:-1\" \/>\n<link rel=\"canonical\" href=\"https:\/\/noxit.io\/sv\/okr-exempel\/\" \/>\n<meta property=\"og:locale\" content=\"sv_SE\" \/>\n<meta property=\"og:type\" content=\"article\" \/>\n<meta property=\"og:title\" content=\"OKR exempel | Noxit\" \/>\n<meta property=\"og:description\" content=\"Se konkreta OKR-exempel fr\u00e5n olika team och branscher \u2013 fr\u00e5n marknad och s\u00e4lj till produkt och HR. Hitta inspiration f\u00f6r dina egna m\u00e5l.\" \/>\n<meta property=\"og:url\" content=\"https:\/\/noxit.io\/sv\/okr-exempel\/\" \/>\n<meta property=\"og:site_name\" content=\"Noxit\" \/>\n<meta property=\"article:publisher\" content=\"https:\/\/www.facebook.com\/noqx.io\" \/>\n<meta property=\"article:modified_time\" content=\"2026-04-13T14:55:18+00:00\" \/>\n<meta property=\"og:image\" content=\"https:\/\/noxit.io\/wp-content\/uploads\/2025\/02\/noxit-okr-1.png\" \/>\n\t<meta property=\"og:image:width\" content=\"2164\" \/>\n\t<meta property=\"og:image:height\" content=\"792\" \/>\n\t<meta property=\"og:image:type\" content=\"image\/png\" \/>\n<meta name=\"twitter:card\" content=\"summary_large_image\" \/>\n<meta name=\"twitter:label1\" content=\"Ber\u00e4knad l\u00e4stid\" \/>\n\t<meta name=\"twitter:data1\" content=\"2 minutes\" \/>\n<script type=\"application\/ld+json\" class=\"yoast-schema-graph\">{\"@context\":\"https:\\\/\\\/schema.org\",\"@graph\":[{\"@type\":\"WebPage\",\"@id\":\"https:\\\/\\\/noxit.io\\\/sv\\\/okr-exempel\\\/\",\"url\":\"https:\\\/\\\/noxit.io\\\/sv\\\/okr-exempel\\\/\",\"name\":\"OKR exempel | Noxit\",\"isPartOf\":{\"@id\":\"https:\\\/\\\/noxit.io\\\/sv\\\/#website\"},\"primaryImageOfPage\":{\"@id\":\"https:\\\/\\\/noxit.io\\\/sv\\\/okr-exempel\\\/#primaryimage\"},\"image\":{\"@id\":\"https:\\\/\\\/noxit.io\\\/sv\\\/okr-exempel\\\/#primaryimage\"},\"thumbnailUrl\":\"https:\\\/\\\/noxit.io\\\/wp-content\\\/uploads\\\/2025\\\/02\\\/noxit-okr-1-1024x375.png\",\"datePublished\":\"2025-02-04T10:54:59+00:00\",\"dateModified\":\"2026-04-13T14:55:18+00:00\",\"description\":\"Se konkreta OKR-exempel fr\u00e5n olika team och branscher \u2013 fr\u00e5n marknad och s\u00e4lj till produkt och HR. Hitta inspiration f\u00f6r dina egna m\u00e5l.\",\"breadcrumb\":{\"@id\":\"https:\\\/\\\/noxit.io\\\/sv\\\/okr-exempel\\\/#breadcrumb\"},\"inLanguage\":\"sv-SE\",\"potentialAction\":[{\"@type\":\"ReadAction\",\"target\":[\"https:\\\/\\\/noxit.io\\\/sv\\\/okr-exempel\\\/\"]}]},{\"@type\":\"ImageObject\",\"inLanguage\":\"sv-SE\",\"@id\":\"https:\\\/\\\/noxit.io\\\/sv\\\/okr-exempel\\\/#primaryimage\",\"url\":\"https:\\\/\\\/noxit.io\\\/wp-content\\\/uploads\\\/2025\\\/02\\\/noxit-okr-1-1024x375.png\",\"contentUrl\":\"https:\\\/\\\/noxit.io\\\/wp-content\\\/uploads\\\/2025\\\/02\\\/noxit-okr-1-1024x375.png\"},{\"@type\":\"BreadcrumbList\",\"@id\":\"https:\\\/\\\/noxit.io\\\/sv\\\/okr-exempel\\\/#breadcrumb\",\"itemListElement\":[{\"@type\":\"ListItem\",\"position\":1,\"name\":\"Home\",\"item\":\"https:\\\/\\\/noxit.io\\\/sv\\\/\"},{\"@type\":\"ListItem\",\"position\":2,\"name\":\"OKR exempel\"}]},{\"@type\":\"WebSite\",\"@id\":\"https:\\\/\\\/noxit.io\\\/sv\\\/#website\",\"url\":\"https:\\\/\\\/noxit.io\\\/sv\\\/\",\"name\":\"Noxit\",\"description\":\"Noxit\",\"publisher\":{\"@id\":\"https:\\\/\\\/noxit.io\\\/sv\\\/#organization\"},\"potentialAction\":[{\"@type\":\"SearchAction\",\"target\":{\"@type\":\"EntryPoint\",\"urlTemplate\":\"https:\\\/\\\/noxit.io\\\/sv\\\/?s={search_term_string}\"},\"query-input\":{\"@type\":\"PropertyValueSpecification\",\"valueRequired\":true,\"valueName\":\"search_term_string\"}}],\"inLanguage\":\"sv-SE\"},{\"@type\":\"Organization\",\"@id\":\"https:\\\/\\\/noxit.io\\\/sv\\\/#organization\",\"name\":\"Noxit\",\"url\":\"https:\\\/\\\/noxit.io\\\/sv\\\/\",\"logo\":{\"@type\":\"ImageObject\",\"inLanguage\":\"sv-SE\",\"@id\":\"https:\\\/\\\/noxit.io\\\/sv\\\/#\\\/schema\\\/logo\\\/image\\\/\",\"url\":\"https:\\\/\\\/noxit.io\\\/wp-content\\\/uploads\\\/2023\\\/02\\\/black-logo-1.svg\",\"contentUrl\":\"https:\\\/\\\/noxit.io\\\/wp-content\\\/uploads\\\/2023\\\/02\\\/black-logo-1.svg\",\"width\":714,\"height\":714,\"caption\":\"Noxit\"},\"image\":{\"@id\":\"https:\\\/\\\/noxit.io\\\/sv\\\/#\\\/schema\\\/logo\\\/image\\\/\"},\"sameAs\":[\"https:\\\/\\\/www.facebook.com\\\/noqx.io\",\"https:\\\/\\\/www.instagram.com\\\/lifeatnoqx\\\/\",\"https:\\\/\\\/www.youtube.com\\\/@NOQX-Software\\\/videos\",\"https:\\\/\\\/www.linkedin.com\\\/company\\\/noqx\\\/\"]}]}<\/script>\n<!-- \/ Yoast SEO plugin. -->","yoast_head_json":{"title":"OKR exempel | Noxit","description":"Se konkreta OKR-exempel fr\u00e5n olika team och branscher \u2013 fr\u00e5n marknad och s\u00e4lj till produkt och HR. Hitta inspiration f\u00f6r dina egna m\u00e5l.","robots":{"index":"index","follow":"follow","max-snippet":"max-snippet:-1","max-image-preview":"max-image-preview:large","max-video-preview":"max-video-preview:-1"},"canonical":"https:\/\/noxit.io\/sv\/okr-exempel\/","og_locale":"sv_SE","og_type":"article","og_title":"OKR exempel | Noxit","og_description":"Se konkreta OKR-exempel fr\u00e5n olika team och branscher \u2013 fr\u00e5n marknad och s\u00e4lj till produkt och HR. Hitta inspiration f\u00f6r dina egna m\u00e5l.","og_url":"https:\/\/noxit.io\/sv\/okr-exempel\/","og_site_name":"Noxit","article_publisher":"https:\/\/www.facebook.com\/noqx.io","article_modified_time":"2026-04-13T14:55:18+00:00","og_image":[{"width":2164,"height":792,"url":"https:\/\/noxit.io\/wp-content\/uploads\/2025\/02\/noxit-okr-1.png","type":"image\/png"}],"twitter_card":"summary_large_image","twitter_misc":{"Ber\u00e4knad l\u00e4stid":"2 minutes"},"schema":{"@context":"https:\/\/schema.org","@graph":[{"@type":"WebPage","@id":"https:\/\/noxit.io\/sv\/okr-exempel\/","url":"https:\/\/noxit.io\/sv\/okr-exempel\/","name":"OKR exempel | Noxit","isPartOf":{"@id":"https:\/\/noxit.io\/sv\/#website"},"primaryImageOfPage":{"@id":"https:\/\/noxit.io\/sv\/okr-exempel\/#primaryimage"},"image":{"@id":"https:\/\/noxit.io\/sv\/okr-exempel\/#primaryimage"},"thumbnailUrl":"https:\/\/noxit.io\/wp-content\/uploads\/2025\/02\/noxit-okr-1-1024x375.png","datePublished":"2025-02-04T10:54:59+00:00","dateModified":"2026-04-13T14:55:18+00:00","description":"Se konkreta OKR-exempel fr\u00e5n olika team och branscher \u2013 fr\u00e5n marknad och s\u00e4lj till produkt och HR. Hitta inspiration f\u00f6r dina egna m\u00e5l.","breadcrumb":{"@id":"https:\/\/noxit.io\/sv\/okr-exempel\/#breadcrumb"},"inLanguage":"sv-SE","potentialAction":[{"@type":"ReadAction","target":["https:\/\/noxit.io\/sv\/okr-exempel\/"]}]},{"@type":"ImageObject","inLanguage":"sv-SE","@id":"https:\/\/noxit.io\/sv\/okr-exempel\/#primaryimage","url":"https:\/\/noxit.io\/wp-content\/uploads\/2025\/02\/noxit-okr-1-1024x375.png","contentUrl":"https:\/\/noxit.io\/wp-content\/uploads\/2025\/02\/noxit-okr-1-1024x375.png"},{"@type":"BreadcrumbList","@id":"https:\/\/noxit.io\/sv\/okr-exempel\/#breadcrumb","itemListElement":[{"@type":"ListItem","position":1,"name":"Home","item":"https:\/\/noxit.io\/sv\/"},{"@type":"ListItem","position":2,"name":"OKR exempel"}]},{"@type":"WebSite","@id":"https:\/\/noxit.io\/sv\/#website","url":"https:\/\/noxit.io\/sv\/","name":"Noxit","description":"Noxit","publisher":{"@id":"https:\/\/noxit.io\/sv\/#organization"},"potentialAction":[{"@type":"SearchAction","target":{"@type":"EntryPoint","urlTemplate":"https:\/\/noxit.io\/sv\/?s={search_term_string}"},"query-input":{"@type":"PropertyValueSpecification","valueRequired":true,"valueName":"search_term_string"}}],"inLanguage":"sv-SE"},{"@type":"Organization","@id":"https:\/\/noxit.io\/sv\/#organization","name":"Noxit","url":"https:\/\/noxit.io\/sv\/","logo":{"@type":"ImageObject","inLanguage":"sv-SE","@id":"https:\/\/noxit.io\/sv\/#\/schema\/logo\/image\/","url":"https:\/\/noxit.io\/wp-content\/uploads\/2023\/02\/black-logo-1.svg","contentUrl":"https:\/\/noxit.io\/wp-content\/uploads\/2023\/02\/black-logo-1.svg","width":714,"height":714,"caption":"Noxit"},"image":{"@id":"https:\/\/noxit.io\/sv\/#\/schema\/logo\/image\/"},"sameAs":["https:\/\/www.facebook.com\/noqx.io","https:\/\/www.instagram.com\/lifeatnoqx\/","https:\/\/www.youtube.com\/@NOQX-Software\/videos","https:\/\/www.linkedin.com\/company\/noqx\/"]}]}},"_links":{"self":[{"href":"https:\/\/noxit.io\/sv\/wp-json\/wp\/v2\/pages\/21190","targetHints":{"allow":["GET"]}}],"collection":[{"href":"https:\/\/noxit.io\/sv\/wp-json\/wp\/v2\/pages"}],"about":[{"href":"https:\/\/noxit.io\/sv\/wp-json\/wp\/v2\/types\/page"}],"author":[{"embeddable":true,"href":"https:\/\/noxit.io\/sv\/wp-json\/wp\/v2\/users\/3"}],"replies":[{"embeddable":true,"href":"https:\/\/noxit.io\/sv\/wp-json\/wp\/v2\/comments?post=21190"}],"version-history":[{"count":7,"href":"https:\/\/noxit.io\/sv\/wp-json\/wp\/v2\/pages\/21190\/revisions"}],"predecessor-version":[{"id":26006,"href":"https:\/\/noxit.io\/sv\/wp-json\/wp\/v2\/pages\/21190\/revisions\/26006"}],"wp:attachment":[{"href":"https:\/\/noxit.io\/sv\/wp-json\/wp\/v2\/media?parent=21190"}],"curies":[{"name":"wp","href":"https:\/\/api.w.org\/{rel}","templated":true}]}}