{"id":17164,"date":"2024-01-12T13:34:32","date_gmt":"2024-01-12T11:34:32","guid":{"rendered":"https:\/\/noxit.io\/noxit-systemets-status\/"},"modified":"2026-04-06T09:24:22","modified_gmt":"2026-04-06T07:24:22","slug":"noxit-systemets-status","status":"publish","type":"page","link":"https:\/\/noxit.io\/sv\/noxit-systemets-status\/","title":{"rendered":"Noxit-systemets status"},"content":{"rendered":"\t\t<div data-elementor-type=\"wp-page\" data-elementor-id=\"17164\" class=\"elementor elementor-17164 elementor-9951\" data-elementor-settings=\"{&quot;ha_cmc_init_switcher&quot;:&quot;no&quot;}\" data-elementor-post-type=\"page\">\n\t\t\t\t\t\t<section class=\"elementor-section elementor-top-section elementor-element elementor-element-5819c37 elementor-section-boxed elementor-section-height-default elementor-section-height-default\" data-id=\"5819c37\" data-element_type=\"section\" data-e-type=\"section\" data-settings=\"{&quot;_ha_eqh_enable&quot;:false}\">\n\t\t\t\t\t\t<div class=\"elementor-container elementor-column-gap-default\">\n\t\t\t\t\t<div class=\"elementor-column elementor-col-100 elementor-top-column elementor-element elementor-element-20066ea\" data-id=\"20066ea\" data-element_type=\"column\" data-e-type=\"column\">\n\t\t\t<div class=\"elementor-widget-wrap elementor-element-populated\">\n\t\t\t\t\t\t<div class=\"elementor-element elementor-element-cef91bd elementor-view-default elementor-widget elementor-widget-icon\" data-id=\"cef91bd\" data-element_type=\"widget\" data-e-type=\"widget\" data-widget_type=\"icon.default\">\n\t\t\t\t\t\t\t<div class=\"elementor-icon-wrapper\">\n\t\t\t<div class=\"elementor-icon\">\n\t\t\t<i aria-hidden=\"true\" class=\"fas fa-check-circle\"><\/i>\t\t\t<\/div>\n\t\t<\/div>\n\t\t\t\t\t\t<\/div>\n\t\t\t\t<div class=\"elementor-element elementor-element-aaffb52 elementor-widget elementor-widget-heading\" data-id=\"aaffb52\" data-element_type=\"widget\" data-e-type=\"widget\" data-widget_type=\"heading.default\">\n\t\t\t\t\t<h2 class=\"elementor-heading-title elementor-size-default\">Noxit \u00e4r ig\u00e5ng och fungerar<\/h2>\t\t\t\t<\/div>\n\t\t\t\t<div class=\"elementor-element elementor-element-984c828 elementor-widget elementor-widget-text-editor\" data-id=\"984c828\" data-element_type=\"widget\" data-e-type=\"widget\" data-widget_type=\"text-editor.default\">\n\t\t\t\t\t\t\t\t\t<p>Har du problem? Mejla oss p\u00e5 <a href=\"mailto:support@noqx.io\">support@noxit.io.<\/a><\/p>\t\t\t\t\t\t\t\t<\/div>\n\t\t\t\t\t<\/div>\n\t\t<\/div>\n\t\t\t\t\t<\/div>\n\t\t<\/section>\n\t\t\t\t<\/div>\n\t\t","protected":false},"excerpt":{"rendered":"<p>Noxit \u00e4r ig\u00e5ng och fungerar Har du problem? Mejla oss p\u00e5 support@noxit.io.<\/p>\n","protected":false},"author":4,"featured_media":0,"parent":0,"menu_order":0,"comment_status":"closed","ping_status":"closed","template":"","meta":{"footnotes":""},"class_list":["post-17164","page","type-page","status-publish","hentry"],"yoast_head":"<!-- This site is optimized with the Yoast SEO plugin v27.4 - https:\/\/yoast.com\/product\/yoast-seo-wordpress\/ -->\n<title>Systemstatus | Systemstatus Noxit<\/title>\n<meta name=\"robots\" content=\"index, follow, max-snippet:-1, max-image-preview:large, max-video-preview:-1\" \/>\n<link rel=\"canonical\" href=\"https:\/\/noxit.io\/sv\/noxit-systemets-status\/\" \/>\n<meta property=\"og:locale\" content=\"sv_SE\" \/>\n<meta property=\"og:type\" content=\"article\" \/>\n<meta property=\"og:title\" content=\"Systemstatus | Systemstatus Noxit\" \/>\n<meta property=\"og:description\" content=\"Noxit \u00e4r ig\u00e5ng och fungerar Har du problem? Mejla oss p\u00e5 support@noxit.io.\" \/>\n<meta property=\"og:url\" content=\"https:\/\/noxit.io\/sv\/noxit-systemets-status\/\" \/>\n<meta property=\"og:site_name\" content=\"Noxit\" \/>\n<meta property=\"article:publisher\" content=\"https:\/\/www.facebook.com\/noqx.io\" \/>\n<meta property=\"article:modified_time\" content=\"2026-04-06T07:24:22+00:00\" \/>\n<meta property=\"og:image\" content=\"https:\/\/noxit.io\/wp-content\/uploads\/2023\/11\/header-jpg.webp\" \/>\n\t<meta property=\"og:image:width\" content=\"2560\" \/>\n\t<meta property=\"og:image:height\" content=\"1440\" \/>\n\t<meta property=\"og:image:type\" content=\"image\/jpeg\" \/>\n<meta name=\"twitter:card\" content=\"summary_large_image\" \/>\n<meta name=\"twitter:label1\" content=\"Ber\u00e4knad l\u00e4stid\" \/>\n\t<meta name=\"twitter:data1\" content=\"1 minute\" \/>\n<script type=\"application\/ld+json\" class=\"yoast-schema-graph\">{\"@context\":\"https:\\\/\\\/schema.org\",\"@graph\":[{\"@type\":\"WebPage\",\"@id\":\"https:\\\/\\\/noxit.io\\\/sv\\\/noxit-systemets-status\\\/\",\"url\":\"https:\\\/\\\/noxit.io\\\/sv\\\/noxit-systemets-status\\\/\",\"name\":\"Systemstatus | Systemstatus Noxit\",\"isPartOf\":{\"@id\":\"https:\\\/\\\/noxit.io\\\/sv\\\/#website\"},\"datePublished\":\"2024-01-12T11:34:32+00:00\",\"dateModified\":\"2026-04-06T07:24:22+00:00\",\"breadcrumb\":{\"@id\":\"https:\\\/\\\/noxit.io\\\/sv\\\/noxit-systemets-status\\\/#breadcrumb\"},\"inLanguage\":\"sv-SE\",\"potentialAction\":[{\"@type\":\"ReadAction\",\"target\":[\"https:\\\/\\\/noxit.io\\\/sv\\\/noxit-systemets-status\\\/\"]}]},{\"@type\":\"BreadcrumbList\",\"@id\":\"https:\\\/\\\/noxit.io\\\/sv\\\/noxit-systemets-status\\\/#breadcrumb\",\"itemListElement\":[{\"@type\":\"ListItem\",\"position\":1,\"name\":\"Home\",\"item\":\"https:\\\/\\\/noxit.io\\\/sv\\\/\"},{\"@type\":\"ListItem\",\"position\":2,\"name\":\"Noxit-systemets status\"}]},{\"@type\":\"WebSite\",\"@id\":\"https:\\\/\\\/noxit.io\\\/sv\\\/#website\",\"url\":\"https:\\\/\\\/noxit.io\\\/sv\\\/\",\"name\":\"Noxit\",\"description\":\"Noxit\",\"publisher\":{\"@id\":\"https:\\\/\\\/noxit.io\\\/sv\\\/#organization\"},\"potentialAction\":[{\"@type\":\"SearchAction\",\"target\":{\"@type\":\"EntryPoint\",\"urlTemplate\":\"https:\\\/\\\/noxit.io\\\/sv\\\/?s={search_term_string}\"},\"query-input\":{\"@type\":\"PropertyValueSpecification\",\"valueRequired\":true,\"valueName\":\"search_term_string\"}}],\"inLanguage\":\"sv-SE\"},{\"@type\":\"Organization\",\"@id\":\"https:\\\/\\\/noxit.io\\\/sv\\\/#organization\",\"name\":\"Noxit\",\"url\":\"https:\\\/\\\/noxit.io\\\/sv\\\/\",\"logo\":{\"@type\":\"ImageObject\",\"inLanguage\":\"sv-SE\",\"@id\":\"https:\\\/\\\/noxit.io\\\/sv\\\/#\\\/schema\\\/logo\\\/image\\\/\",\"url\":\"https:\\\/\\\/noxit.io\\\/wp-content\\\/uploads\\\/2023\\\/02\\\/black-logo-1.svg\",\"contentUrl\":\"https:\\\/\\\/noxit.io\\\/wp-content\\\/uploads\\\/2023\\\/02\\\/black-logo-1.svg\",\"width\":714,\"height\":714,\"caption\":\"Noxit\"},\"image\":{\"@id\":\"https:\\\/\\\/noxit.io\\\/sv\\\/#\\\/schema\\\/logo\\\/image\\\/\"},\"sameAs\":[\"https:\\\/\\\/www.facebook.com\\\/noqx.io\",\"https:\\\/\\\/www.instagram.com\\\/lifeatnoqx\\\/\",\"https:\\\/\\\/www.youtube.com\\\/@NOQX-Software\\\/videos\",\"https:\\\/\\\/www.linkedin.com\\\/company\\\/noqx\\\/\"]}]}<\/script>\n<!-- \/ Yoast SEO plugin. -->","yoast_head_json":{"title":"Systemstatus | Systemstatus Noxit","robots":{"index":"index","follow":"follow","max-snippet":"max-snippet:-1","max-image-preview":"max-image-preview:large","max-video-preview":"max-video-preview:-1"},"canonical":"https:\/\/noxit.io\/sv\/noxit-systemets-status\/","og_locale":"sv_SE","og_type":"article","og_title":"Systemstatus | Systemstatus Noxit","og_description":"Noxit \u00e4r ig\u00e5ng och fungerar Har du problem? Mejla oss p\u00e5 support@noxit.io.","og_url":"https:\/\/noxit.io\/sv\/noxit-systemets-status\/","og_site_name":"Noxit","article_publisher":"https:\/\/www.facebook.com\/noqx.io","article_modified_time":"2026-04-06T07:24:22+00:00","og_image":[{"width":2560,"height":1440,"url":"https:\/\/noxit.io\/wp-content\/uploads\/2023\/11\/header-jpg.webp","type":"image\/jpeg"}],"twitter_card":"summary_large_image","twitter_misc":{"Ber\u00e4knad l\u00e4stid":"1 minute"},"schema":{"@context":"https:\/\/schema.org","@graph":[{"@type":"WebPage","@id":"https:\/\/noxit.io\/sv\/noxit-systemets-status\/","url":"https:\/\/noxit.io\/sv\/noxit-systemets-status\/","name":"Systemstatus | Systemstatus Noxit","isPartOf":{"@id":"https:\/\/noxit.io\/sv\/#website"},"datePublished":"2024-01-12T11:34:32+00:00","dateModified":"2026-04-06T07:24:22+00:00","breadcrumb":{"@id":"https:\/\/noxit.io\/sv\/noxit-systemets-status\/#breadcrumb"},"inLanguage":"sv-SE","potentialAction":[{"@type":"ReadAction","target":["https:\/\/noxit.io\/sv\/noxit-systemets-status\/"]}]},{"@type":"BreadcrumbList","@id":"https:\/\/noxit.io\/sv\/noxit-systemets-status\/#breadcrumb","itemListElement":[{"@type":"ListItem","position":1,"name":"Home","item":"https:\/\/noxit.io\/sv\/"},{"@type":"ListItem","position":2,"name":"Noxit-systemets status"}]},{"@type":"WebSite","@id":"https:\/\/noxit.io\/sv\/#website","url":"https:\/\/noxit.io\/sv\/","name":"Noxit","description":"Noxit","publisher":{"@id":"https:\/\/noxit.io\/sv\/#organization"},"potentialAction":[{"@type":"SearchAction","target":{"@type":"EntryPoint","urlTemplate":"https:\/\/noxit.io\/sv\/?s={search_term_string}"},"query-input":{"@type":"PropertyValueSpecification","valueRequired":true,"valueName":"search_term_string"}}],"inLanguage":"sv-SE"},{"@type":"Organization","@id":"https:\/\/noxit.io\/sv\/#organization","name":"Noxit","url":"https:\/\/noxit.io\/sv\/","logo":{"@type":"ImageObject","inLanguage":"sv-SE","@id":"https:\/\/noxit.io\/sv\/#\/schema\/logo\/image\/","url":"https:\/\/noxit.io\/wp-content\/uploads\/2023\/02\/black-logo-1.svg","contentUrl":"https:\/\/noxit.io\/wp-content\/uploads\/2023\/02\/black-logo-1.svg","width":714,"height":714,"caption":"Noxit"},"image":{"@id":"https:\/\/noxit.io\/sv\/#\/schema\/logo\/image\/"},"sameAs":["https:\/\/www.facebook.com\/noqx.io","https:\/\/www.instagram.com\/lifeatnoqx\/","https:\/\/www.youtube.com\/@NOQX-Software\/videos","https:\/\/www.linkedin.com\/company\/noqx\/"]}]}},"_links":{"self":[{"href":"https:\/\/noxit.io\/sv\/wp-json\/wp\/v2\/pages\/17164","targetHints":{"allow":["GET"]}}],"collection":[{"href":"https:\/\/noxit.io\/sv\/wp-json\/wp\/v2\/pages"}],"about":[{"href":"https:\/\/noxit.io\/sv\/wp-json\/wp\/v2\/types\/page"}],"author":[{"embeddable":true,"href":"https:\/\/noxit.io\/sv\/wp-json\/wp\/v2\/users\/4"}],"replies":[{"embeddable":true,"href":"https:\/\/noxit.io\/sv\/wp-json\/wp\/v2\/comments?post=17164"}],"version-history":[{"count":6,"href":"https:\/\/noxit.io\/sv\/wp-json\/wp\/v2\/pages\/17164\/revisions"}],"predecessor-version":[{"id":25770,"href":"https:\/\/noxit.io\/sv\/wp-json\/wp\/v2\/pages\/17164\/revisions\/25770"}],"wp:attachment":[{"href":"https:\/\/noxit.io\/sv\/wp-json\/wp\/v2\/media?parent=17164"}],"curies":[{"name":"wp","href":"https:\/\/api.w.org\/{rel}","templated":true}]}}