{"id":18018,"date":"2024-01-12T13:34:32","date_gmt":"2024-01-12T11:34:32","guid":{"rendered":"https:\/\/noxit.io\/noxit-statut-du-systeme\/"},"modified":"2025-02-14T14:03:01","modified_gmt":"2025-02-14T12:03:01","slug":"noxit-statut-du-systeme","status":"publish","type":"page","link":"https:\/\/noxit.io\/fr\/noxit-statut-du-systeme\/","title":{"rendered":"Noxit Statut du syst\u00e8me"},"content":{"rendered":"\t\t<div data-elementor-type=\"wp-page\" data-elementor-id=\"18018\" class=\"elementor elementor-18018 elementor-9951\" data-elementor-settings=\"{&quot;ha_cmc_init_switcher&quot;:&quot;no&quot;}\" data-elementor-post-type=\"page\">\n\t\t\t\t\t\t<section class=\"elementor-section elementor-top-section elementor-element elementor-element-5819c37 elementor-section-boxed elementor-section-height-default elementor-section-height-default\" data-id=\"5819c37\" data-element_type=\"section\" data-e-type=\"section\" data-settings=\"{&quot;_ha_eqh_enable&quot;:false}\">\n\t\t\t\t\t\t<div class=\"elementor-container elementor-column-gap-default\">\n\t\t\t\t\t<div class=\"elementor-column elementor-col-100 elementor-top-column elementor-element elementor-element-20066ea\" data-id=\"20066ea\" data-element_type=\"column\" data-e-type=\"column\">\n\t\t\t<div class=\"elementor-widget-wrap elementor-element-populated\">\n\t\t\t\t\t\t<div class=\"elementor-element elementor-element-cef91bd elementor-view-default elementor-widget elementor-widget-icon\" data-id=\"cef91bd\" data-element_type=\"widget\" data-e-type=\"widget\" data-widget_type=\"icon.default\">\n\t\t\t\t\t\t\t<div class=\"elementor-icon-wrapper\">\n\t\t\t<div class=\"elementor-icon\">\n\t\t\t<i aria-hidden=\"true\" class=\"fas fa-check-circle\"><\/i>\t\t\t<\/div>\n\t\t<\/div>\n\t\t\t\t\t\t<\/div>\n\t\t\t\t<div class=\"elementor-element elementor-element-aaffb52 elementor-widget elementor-widget-heading\" data-id=\"aaffb52\" data-element_type=\"widget\" data-e-type=\"widget\" data-widget_type=\"heading.default\">\n\t\t\t\t\t<h2 class=\"elementor-heading-title elementor-size-default\">Noxit est op\u00e9rationnel<\/h2>\t\t\t\t<\/div>\n\t\t\t\t<div class=\"elementor-element elementor-element-984c828 elementor-widget elementor-widget-text-editor\" data-id=\"984c828\" data-element_type=\"widget\" data-e-type=\"widget\" data-widget_type=\"text-editor.default\">\n\t\t\t\t\t\t\t\t\t<p>Vous rencontrez des difficult\u00e9s ? Envoyez-nous un e-mail \u00e0 <a href=\"mailto:support@noqx.io\">support@noqx.io<\/a>. <\/p>\n\t\t\t\t\t\t\t\t<\/div>\n\t\t\t\t\t<\/div>\n\t\t<\/div>\n\t\t\t\t\t<\/div>\n\t\t<\/section>\n\t\t\t\t<\/div>\n\t\t","protected":false},"excerpt":{"rendered":"<p>Noxit est op\u00e9rationnel Vous rencontrez des difficult\u00e9s ? Envoyez-nous un e-mail \u00e0 support@noqx.io.<\/p>\n","protected":false},"author":4,"featured_media":0,"parent":0,"menu_order":0,"comment_status":"closed","ping_status":"closed","template":"","meta":{"footnotes":""},"class_list":["post-18018","page","type-page","status-publish","hentry"],"yoast_head":"<!-- This site is optimized with the Yoast SEO plugin v27.4 - https:\/\/yoast.com\/product\/yoast-seo-wordpress\/ -->\n<title>Statut du syst\u00e8me | Noxit<\/title>\n<meta name=\"robots\" content=\"index, follow, max-snippet:-1, max-image-preview:large, max-video-preview:-1\" \/>\n<link rel=\"canonical\" href=\"https:\/\/noxit.io\/fr\/noxit-statut-du-systeme\/\" \/>\n<meta property=\"og:locale\" content=\"fr_FR\" \/>\n<meta property=\"og:type\" content=\"article\" \/>\n<meta property=\"og:title\" content=\"Statut du syst\u00e8me | Noxit\" \/>\n<meta property=\"og:description\" content=\"Noxit est op\u00e9rationnel Vous rencontrez des difficult\u00e9s ? Envoyez-nous un e-mail \u00e0 support@noqx.io.\" \/>\n<meta property=\"og:url\" content=\"https:\/\/noxit.io\/fr\/noxit-statut-du-systeme\/\" \/>\n<meta property=\"og:site_name\" content=\"Noxit\" \/>\n<meta property=\"article:publisher\" content=\"https:\/\/www.facebook.com\/noqx.io\" \/>\n<meta property=\"article:modified_time\" content=\"2025-02-14T12:03:01+00:00\" \/>\n<meta property=\"og:image\" content=\"https:\/\/noxit.io\/wp-content\/uploads\/2023\/11\/header-jpg.webp\" \/>\n\t<meta property=\"og:image:width\" content=\"2560\" \/>\n\t<meta property=\"og:image:height\" content=\"1440\" \/>\n\t<meta property=\"og:image:type\" content=\"image\/jpeg\" \/>\n<meta name=\"twitter:card\" content=\"summary_large_image\" \/>\n<script type=\"application\/ld+json\" class=\"yoast-schema-graph\">{\"@context\":\"https:\\\/\\\/schema.org\",\"@graph\":[{\"@type\":\"WebPage\",\"@id\":\"https:\\\/\\\/noxit.io\\\/fr\\\/noxit-statut-du-systeme\\\/\",\"url\":\"https:\\\/\\\/noxit.io\\\/fr\\\/noxit-statut-du-systeme\\\/\",\"name\":\"Statut du syst\u00e8me | Noxit\",\"isPartOf\":{\"@id\":\"https:\\\/\\\/noxit.io\\\/fr\\\/#website\"},\"datePublished\":\"2024-01-12T11:34:32+00:00\",\"dateModified\":\"2025-02-14T12:03:01+00:00\",\"breadcrumb\":{\"@id\":\"https:\\\/\\\/noxit.io\\\/fr\\\/noxit-statut-du-systeme\\\/#breadcrumb\"},\"inLanguage\":\"fr-FR\",\"potentialAction\":[{\"@type\":\"ReadAction\",\"target\":[\"https:\\\/\\\/noxit.io\\\/fr\\\/noxit-statut-du-systeme\\\/\"]}]},{\"@type\":\"BreadcrumbList\",\"@id\":\"https:\\\/\\\/noxit.io\\\/fr\\\/noxit-statut-du-systeme\\\/#breadcrumb\",\"itemListElement\":[{\"@type\":\"ListItem\",\"position\":1,\"name\":\"Home\",\"item\":\"https:\\\/\\\/noxit.io\\\/fr\\\/\"},{\"@type\":\"ListItem\",\"position\":2,\"name\":\"Noxit Statut du syst\u00e8me\"}]},{\"@type\":\"WebSite\",\"@id\":\"https:\\\/\\\/noxit.io\\\/fr\\\/#website\",\"url\":\"https:\\\/\\\/noxit.io\\\/fr\\\/\",\"name\":\"Noxit\",\"description\":\"Noxit\",\"publisher\":{\"@id\":\"https:\\\/\\\/noxit.io\\\/fr\\\/#organization\"},\"potentialAction\":[{\"@type\":\"SearchAction\",\"target\":{\"@type\":\"EntryPoint\",\"urlTemplate\":\"https:\\\/\\\/noxit.io\\\/fr\\\/?s={search_term_string}\"},\"query-input\":{\"@type\":\"PropertyValueSpecification\",\"valueRequired\":true,\"valueName\":\"search_term_string\"}}],\"inLanguage\":\"fr-FR\"},{\"@type\":\"Organization\",\"@id\":\"https:\\\/\\\/noxit.io\\\/fr\\\/#organization\",\"name\":\"Noxit\",\"url\":\"https:\\\/\\\/noxit.io\\\/fr\\\/\",\"logo\":{\"@type\":\"ImageObject\",\"inLanguage\":\"fr-FR\",\"@id\":\"https:\\\/\\\/noxit.io\\\/fr\\\/#\\\/schema\\\/logo\\\/image\\\/\",\"url\":\"https:\\\/\\\/noxit.io\\\/wp-content\\\/uploads\\\/2023\\\/02\\\/black-logo-1.svg\",\"contentUrl\":\"https:\\\/\\\/noxit.io\\\/wp-content\\\/uploads\\\/2023\\\/02\\\/black-logo-1.svg\",\"width\":714,\"height\":714,\"caption\":\"Noxit\"},\"image\":{\"@id\":\"https:\\\/\\\/noxit.io\\\/fr\\\/#\\\/schema\\\/logo\\\/image\\\/\"},\"sameAs\":[\"https:\\\/\\\/www.facebook.com\\\/noqx.io\",\"https:\\\/\\\/www.instagram.com\\\/lifeatnoqx\\\/\",\"https:\\\/\\\/www.youtube.com\\\/@NOQX-Software\\\/videos\",\"https:\\\/\\\/www.linkedin.com\\\/company\\\/noqx\\\/\"]}]}<\/script>\n<!-- \/ Yoast SEO plugin. -->","yoast_head_json":{"title":"Statut du syst\u00e8me | Noxit","robots":{"index":"index","follow":"follow","max-snippet":"max-snippet:-1","max-image-preview":"max-image-preview:large","max-video-preview":"max-video-preview:-1"},"canonical":"https:\/\/noxit.io\/fr\/noxit-statut-du-systeme\/","og_locale":"fr_FR","og_type":"article","og_title":"Statut du syst\u00e8me | Noxit","og_description":"Noxit est op\u00e9rationnel Vous rencontrez des difficult\u00e9s ? Envoyez-nous un e-mail \u00e0 support@noqx.io.","og_url":"https:\/\/noxit.io\/fr\/noxit-statut-du-systeme\/","og_site_name":"Noxit","article_publisher":"https:\/\/www.facebook.com\/noqx.io","article_modified_time":"2025-02-14T12:03:01+00:00","og_image":[{"width":2560,"height":1440,"url":"https:\/\/noxit.io\/wp-content\/uploads\/2023\/11\/header-jpg.webp","type":"image\/jpeg"}],"twitter_card":"summary_large_image","schema":{"@context":"https:\/\/schema.org","@graph":[{"@type":"WebPage","@id":"https:\/\/noxit.io\/fr\/noxit-statut-du-systeme\/","url":"https:\/\/noxit.io\/fr\/noxit-statut-du-systeme\/","name":"Statut du syst\u00e8me | Noxit","isPartOf":{"@id":"https:\/\/noxit.io\/fr\/#website"},"datePublished":"2024-01-12T11:34:32+00:00","dateModified":"2025-02-14T12:03:01+00:00","breadcrumb":{"@id":"https:\/\/noxit.io\/fr\/noxit-statut-du-systeme\/#breadcrumb"},"inLanguage":"fr-FR","potentialAction":[{"@type":"ReadAction","target":["https:\/\/noxit.io\/fr\/noxit-statut-du-systeme\/"]}]},{"@type":"BreadcrumbList","@id":"https:\/\/noxit.io\/fr\/noxit-statut-du-systeme\/#breadcrumb","itemListElement":[{"@type":"ListItem","position":1,"name":"Home","item":"https:\/\/noxit.io\/fr\/"},{"@type":"ListItem","position":2,"name":"Noxit Statut du syst\u00e8me"}]},{"@type":"WebSite","@id":"https:\/\/noxit.io\/fr\/#website","url":"https:\/\/noxit.io\/fr\/","name":"Noxit","description":"Noxit","publisher":{"@id":"https:\/\/noxit.io\/fr\/#organization"},"potentialAction":[{"@type":"SearchAction","target":{"@type":"EntryPoint","urlTemplate":"https:\/\/noxit.io\/fr\/?s={search_term_string}"},"query-input":{"@type":"PropertyValueSpecification","valueRequired":true,"valueName":"search_term_string"}}],"inLanguage":"fr-FR"},{"@type":"Organization","@id":"https:\/\/noxit.io\/fr\/#organization","name":"Noxit","url":"https:\/\/noxit.io\/fr\/","logo":{"@type":"ImageObject","inLanguage":"fr-FR","@id":"https:\/\/noxit.io\/fr\/#\/schema\/logo\/image\/","url":"https:\/\/noxit.io\/wp-content\/uploads\/2023\/02\/black-logo-1.svg","contentUrl":"https:\/\/noxit.io\/wp-content\/uploads\/2023\/02\/black-logo-1.svg","width":714,"height":714,"caption":"Noxit"},"image":{"@id":"https:\/\/noxit.io\/fr\/#\/schema\/logo\/image\/"},"sameAs":["https:\/\/www.facebook.com\/noqx.io","https:\/\/www.instagram.com\/lifeatnoqx\/","https:\/\/www.youtube.com\/@NOQX-Software\/videos","https:\/\/www.linkedin.com\/company\/noqx\/"]}]}},"_links":{"self":[{"href":"https:\/\/noxit.io\/fr\/wp-json\/wp\/v2\/pages\/18018","targetHints":{"allow":["GET"]}}],"collection":[{"href":"https:\/\/noxit.io\/fr\/wp-json\/wp\/v2\/pages"}],"about":[{"href":"https:\/\/noxit.io\/fr\/wp-json\/wp\/v2\/types\/page"}],"author":[{"embeddable":true,"href":"https:\/\/noxit.io\/fr\/wp-json\/wp\/v2\/users\/4"}],"replies":[{"embeddable":true,"href":"https:\/\/noxit.io\/fr\/wp-json\/wp\/v2\/comments?post=18018"}],"version-history":[{"count":0,"href":"https:\/\/noxit.io\/fr\/wp-json\/wp\/v2\/pages\/18018\/revisions"}],"wp:attachment":[{"href":"https:\/\/noxit.io\/fr\/wp-json\/wp\/v2\/media?parent=18018"}],"curies":[{"name":"wp","href":"https:\/\/api.w.org\/{rel}","templated":true}]}}