{"id":17975,"date":"2023-05-19T15:58:03","date_gmt":"2023-05-19T13:58:03","guid":{"rendered":"https:\/\/noxit.io\/contactez-nous\/"},"modified":"2026-02-09T12:55:15","modified_gmt":"2026-02-09T10:55:15","slug":"contactez-nous","status":"publish","type":"page","link":"https:\/\/noxit.io\/fr\/contactez-nous\/","title":{"rendered":"Contactez-nous"},"content":{"rendered":"\t\t<div data-elementor-type=\"wp-page\" data-elementor-id=\"17975\" class=\"elementor elementor-17975 elementor-4217\" data-elementor-settings=\"{&quot;ha_cmc_init_switcher&quot;:&quot;no&quot;}\" data-elementor-post-type=\"page\">\n\t\t\t\t\t\t<section class=\"elementor-section elementor-top-section elementor-element elementor-element-5de14f4 elementor-section-boxed elementor-section-height-default elementor-section-height-default\" data-id=\"5de14f4\" data-element_type=\"section\" data-e-type=\"section\" data-settings=\"{&quot;background_background&quot;:&quot;classic&quot;,&quot;_ha_eqh_enable&quot;:false}\">\n\t\t\t\t\t\t<div class=\"elementor-container elementor-column-gap-default\">\n\t\t\t\t\t<div class=\"elementor-column elementor-col-100 elementor-top-column elementor-element elementor-element-3571ca7\" data-id=\"3571ca7\" data-element_type=\"column\" data-e-type=\"column\">\n\t\t\t<div class=\"elementor-widget-wrap elementor-element-populated\">\n\t\t\t\t\t\t<div class=\"elementor-element elementor-element-8a66ced elementor-widget elementor-widget-heading\" data-id=\"8a66ced\" data-element_type=\"widget\" data-e-type=\"widget\" data-widget_type=\"heading.default\">\n\t\t\t\t\t<h2 class=\"elementor-heading-title elementor-size-default\">Contactez-nous \ud83d\udc4b<\/h2>\t\t\t\t<\/div>\n\t\t\t\t<section class=\"elementor-section elementor-inner-section elementor-element elementor-element-521411e elementor-section-boxed elementor-section-height-default elementor-section-height-default\" data-id=\"521411e\" data-element_type=\"section\" data-e-type=\"section\" data-settings=\"{&quot;background_background&quot;:&quot;classic&quot;,&quot;_ha_eqh_enable&quot;:false}\">\n\t\t\t\t\t\t<div class=\"elementor-container elementor-column-gap-default\">\n\t\t\t\t\t<div class=\"elementor-column elementor-col-50 elementor-inner-column elementor-element elementor-element-30826fe\" data-id=\"30826fe\" data-element_type=\"column\" data-e-type=\"column\">\n\t\t\t<div class=\"elementor-widget-wrap elementor-element-populated\">\n\t\t\t\t\t\t<div class=\"elementor-element elementor-element-c473272 elementor-widget elementor-widget-icon-box\" data-id=\"c473272\" data-element_type=\"widget\" data-e-type=\"widget\" data-widget_type=\"icon-box.default\">\n\t\t\t\t\t\t\t<div class=\"elementor-icon-box-wrapper\">\n\n\t\t\t\n\t\t\t\t\t\t<div class=\"elementor-icon-box-content\">\n\n\t\t\t\t\t\t\t\t\t<h3 class=\"elementor-icon-box-title\">\n\t\t\t\t\t\t<a href=\"https:\/\/www.google.com\/maps\/place\/M\u00e4ster+Samuelsgatan+36,+111+57+Stockholm\/@59.3339841,18.0637205,17z\/data=!3m1!4b1!4m6!3m5!1s0x465f9d5dc8509ceb:0xab3249d1bb4ea9ff!8m2!3d59.3339814!4d18.0663008!16s%2Fg%2F11csnznw6t?entry=ttu\" >\n\t\t\t\t\t\t\t\ud83c\udfe0 <br>Adresse\t\t\t\t\t\t<\/a>\n\t\t\t\t\t<\/h3>\n\t\t\t\t\n\t\t\t\t\t\t\t\t\t<p class=\"elementor-icon-box-description\">\n\t\t\t\t\t\tMalmskillnadsgatan 44A, <br>111 57 Stockholm\t\t\t\t\t<\/p>\n\t\t\t\t\n\t\t\t<\/div>\n\t\t\t\n\t\t<\/div>\n\t\t\t\t\t\t<\/div>\n\t\t\t\t<div class=\"elementor-element elementor-element-5fc6ece elementor-widget elementor-widget-icon-box\" data-id=\"5fc6ece\" data-element_type=\"widget\" data-e-type=\"widget\" data-widget_type=\"icon-box.default\">\n\t\t\t\t\t\t\t<div class=\"elementor-icon-box-wrapper\">\n\n\t\t\t\n\t\t\t\t\t\t<div class=\"elementor-icon-box-content\">\n\n\t\t\t\t\t\t\t\t\t<h3 class=\"elementor-icon-box-title\">\n\t\t\t\t\t\t<a href=\"tel:+46732012498\" >\n\t\t\t\t\t\t\t\ud83d\udcf1<br>T\u00e9l\u00e9phone\t\t\t\t\t\t<\/a>\n\t\t\t\t\t<\/h3>\n\t\t\t\t\n\t\t\t\t\t\t\t\t\t<p class=\"elementor-icon-box-description\">\n\t\t\t\t\t\t+46 732 012 498\n\t\t\t\t\t<\/p>\n\t\t\t\t\n\t\t\t<\/div>\n\t\t\t\n\t\t<\/div>\n\t\t\t\t\t\t<\/div>\n\t\t\t\t<div class=\"elementor-element elementor-element-3c76ae7 elementor-widget elementor-widget-icon-box\" data-id=\"3c76ae7\" data-element_type=\"widget\" data-e-type=\"widget\" data-widget_type=\"icon-box.default\">\n\t\t\t\t\t\t\t<div class=\"elementor-icon-box-wrapper\">\n\n\t\t\t\n\t\t\t\t\t\t<div class=\"elementor-icon-box-content\">\n\n\t\t\t\t\t\t\t\t\t<h3 class=\"elementor-icon-box-title\">\n\t\t\t\t\t\t<a href=\"mailto:hello@noqx.io\" >\n\t\t\t\t\t\t\t\ud83d\udc8c <br>Email\t\t\t\t\t\t<\/a>\n\t\t\t\t\t<\/h3>\n\t\t\t\t\n\t\t\t\t\t\t\t\t\t<p class=\"elementor-icon-box-description\">\n\t\t\t\t\t\thello@noxit.io\t\t\t\t\t<\/p>\n\t\t\t\t\n\t\t\t<\/div>\n\t\t\t\n\t\t<\/div>\n\t\t\t\t\t\t<\/div>\n\t\t\t\t\t<\/div>\n\t\t<\/div>\n\t\t\t\t<div class=\"elementor-column elementor-col-50 elementor-inner-column elementor-element elementor-element-b2b9d7e\" data-id=\"b2b9d7e\" data-element_type=\"column\" data-e-type=\"column\" data-settings=\"{&quot;background_background&quot;:&quot;classic&quot;}\">\n\t\t\t<div class=\"elementor-widget-wrap elementor-element-populated\">\n\t\t\t\t\t\t<div class=\"elementor-element elementor-element-b68a098 elementor-widget elementor-widget-heading\" data-id=\"b68a098\" data-element_type=\"widget\" data-e-type=\"widget\" data-widget_type=\"heading.default\">\n\t\t\t\t\t<h2 class=\"elementor-heading-title elementor-size-default\">Prenez contact<\/h2>\t\t\t\t<\/div>\n\t\t\t\t<div class=\"elementor-element elementor-element-23fceac hover-area elementor-tablet-button-align-stretch elementor-button-align-stretch elementor-widget elementor-widget-form\" data-id=\"23fceac\" data-element_type=\"widget\" data-e-type=\"widget\" data-settings=\"{&quot;step_next_label&quot;:&quot;Next&quot;,&quot;step_previous_label&quot;:&quot;Previous&quot;,&quot;step_type&quot;:&quot;number_text&quot;,&quot;step_icon_shape&quot;:&quot;circle&quot;}\" data-widget_type=\"form.default\">\n\t\t\t\t\t\t\t<form class=\"elementor-form\" method=\"post\" name=\"Kontakt (fr)\" aria-label=\"Kontakt (fr)\">\n\t\t\t<input type=\"hidden\" name=\"post_id\" value=\"17975\"\/>\n\t\t\t<input type=\"hidden\" name=\"form_id\" value=\"23fceac\"\/>\n\t\t\t<input type=\"hidden\" name=\"referer_title\" value=\"Noxit\" \/>\n\n\t\t\t\n\t\t\t<div class=\"elementor-form-fields-wrapper elementor-labels-\">\n\t\t\t\t\t\t\t\t<div class=\"elementor-field-type-text elementor-field-group elementor-column elementor-field-group-email elementor-col-100 elementor-md-100 elementor-field-required\">\n\t\t\t\t\t\t\t\t\t\t\t\t<label for=\"form-field-email\" class=\"elementor-field-label elementor-screen-only\">\n\t\t\t\t\t\t\t\tNom\t\t\t\t\t\t\t<\/label>\n\t\t\t\t\t\t\t\t\t\t\t\t\t\t<input size=\"1\" type=\"text\" name=\"form_fields[email]\" id=\"form-field-email\" class=\"elementor-field elementor-size-md  elementor-field-textual\" placeholder=\"Nom\" required=\"required\">\n\t\t\t\t\t\t\t\t\t\t\t<\/div>\n\t\t\t\t\t\t\t\t<div class=\"elementor-field-type-email elementor-field-group elementor-column elementor-field-group-field_9c37818 elementor-col-100 elementor-md-100 elementor-field-required\">\n\t\t\t\t\t\t\t\t\t\t\t\t<label for=\"form-field-field_9c37818\" class=\"elementor-field-label elementor-screen-only\">\n\t\t\t\t\t\t\t\tE-mail\t\t\t\t\t\t\t<\/label>\n\t\t\t\t\t\t\t\t\t\t\t\t\t\t<input size=\"1\" type=\"email\" name=\"form_fields[field_9c37818]\" id=\"form-field-field_9c37818\" class=\"elementor-field elementor-size-md  elementor-field-textual\" placeholder=\"E-mail\" required=\"required\">\n\t\t\t\t\t\t\t\t\t\t\t<\/div>\n\t\t\t\t\t\t\t\t<div class=\"elementor-field-type-text elementor-field-group elementor-column elementor-field-group-field_2506585 elementor-col-100 elementor-md-100\">\n\t\t\t\t\t\t\t\t\t\t\t\t<label for=\"form-field-field_2506585\" class=\"elementor-field-label elementor-screen-only\">\n\t\t\t\t\t\t\t\tEntreprise\t\t\t\t\t\t\t<\/label>\n\t\t\t\t\t\t\t\t\t\t\t\t\t\t<input size=\"1\" type=\"text\" name=\"form_fields[field_2506585]\" id=\"form-field-field_2506585\" class=\"elementor-field elementor-size-md  elementor-field-textual\" placeholder=\"Entreprise\">\n\t\t\t\t\t\t\t\t\t\t\t<\/div>\n\t\t\t\t\t\t\t\t<div class=\"elementor-field-type-textarea elementor-field-group elementor-column elementor-field-group-field_a22734d elementor-col-100 elementor-md-100\">\n\t\t\t\t\t\t\t\t\t\t\t\t<label for=\"form-field-field_a22734d\" class=\"elementor-field-label elementor-screen-only\">\n\t\t\t\t\t\t\t\tMessage\t\t\t\t\t\t\t<\/label>\n\t\t\t\t\t\t<textarea class=\"elementor-field-textual elementor-field  elementor-size-md\" name=\"form_fields[field_a22734d]\" id=\"form-field-field_a22734d\" rows=\"11\" placeholder=\"Message\"><\/textarea>\t\t\t\t<\/div>\n\t\t\t\t\t\t\t\t<div class=\"elementor-field-type-acceptance elementor-field-group elementor-column elementor-field-group-field_a6b45c2 elementor-col-100 elementor-md-100 elementor-field-required\">\n\t\t\t\t\t\t\t<div class=\"elementor-field-subgroup\">\n\t\t\t<span class=\"elementor-field-option\">\n\t\t\t\t<input type=\"checkbox\" name=\"form_fields[field_a6b45c2]\" id=\"form-field-field_a6b45c2\" class=\"elementor-field elementor-size-md  elementor-acceptance-field\" required=\"required\">\n\t\t\t\t<label for=\"form-field-field_a6b45c2\">Je consens \u00e0 ce que ce site web stocke les informations que je soumets afin qu'ils puissent r\u00e9pondre \u00e0 ma demande.<\/label>\t\t\t<\/span>\n\t\t<\/div>\n\t\t\t\t\t\t<\/div>\n\t\t\t\t\t\t\t\t<div class=\"elementor-field-group elementor-column elementor-field-type-submit elementor-col-100 e-form__buttons\">\n\t\t\t\t\t<button class=\"elementor-button elementor-size-md\" type=\"submit\">\n\t\t\t\t\t\t<span class=\"elementor-button-content-wrapper\">\n\t\t\t\t\t\t\t\t\t\t\t\t\t\t\t\t\t\t\t\t\t\t<span class=\"elementor-button-text\">Envoyer<\/span>\n\t\t\t\t\t\t\t\t\t\t\t\t\t<\/span>\n\t\t\t\t\t<\/button>\n\t\t\t\t<\/div>\n\t\t\t<\/div>\n\t\t<\/form>\n\t\t\t\t\t\t<\/div>\n\t\t\t\t\t<\/div>\n\t\t<\/div>\n\t\t\t\t\t<\/div>\n\t\t<\/section>\n\t\t\t\t\t<\/div>\n\t\t<\/div>\n\t\t\t\t\t<\/div>\n\t\t<\/section>\n\t\t\t\t<\/div>\n\t\t","protected":false},"excerpt":{"rendered":"<p>Contactez-nous \ud83d\udc4b \ud83c\udfe0 Adresse Malmskillnadsgatan 44A, 111 57 Stockholm \ud83d\udcf1T\u00e9l\u00e9phone +46 732 012 498 \ud83d\udc8c Email hello@noxit.io Prenez contact<\/p>\n","protected":false},"author":3,"featured_media":0,"parent":0,"menu_order":0,"comment_status":"closed","ping_status":"closed","template":"","meta":{"footnotes":""},"class_list":["post-17975","page","type-page","status-publish","hentry"],"yoast_head":"<!-- This site is optimized with the Yoast SEO plugin v27.4 - https:\/\/yoast.com\/product\/yoast-seo-wordpress\/ -->\n<title>Contact us | Noxit<\/title>\n<meta name=\"description\" content=\"Connectez-vous avec Noxit : Contactez-nous pour explorer des solutions innovantes de fixation d\u2019objectifs adapt\u00e9es \u00e0 votre succ\u00e8s. Contactez-nous d\u00e8s aujourd\u2019hui !\" \/>\n<meta name=\"robots\" content=\"index, follow, max-snippet:-1, max-image-preview:large, max-video-preview:-1\" \/>\n<link rel=\"canonical\" href=\"https:\/\/noxit.io\/fr\/contactez-nous\/\" \/>\n<meta property=\"og:locale\" content=\"fr_FR\" \/>\n<meta property=\"og:type\" content=\"article\" \/>\n<meta property=\"og:title\" content=\"Contact us | Noxit\" \/>\n<meta property=\"og:description\" content=\"Connectez-vous avec Noxit : Contactez-nous pour explorer des solutions innovantes de fixation d\u2019objectifs adapt\u00e9es \u00e0 votre succ\u00e8s. Contactez-nous d\u00e8s aujourd\u2019hui !\" \/>\n<meta property=\"og:url\" content=\"https:\/\/noxit.io\/fr\/contactez-nous\/\" \/>\n<meta property=\"og:site_name\" content=\"Noxit\" \/>\n<meta property=\"article:publisher\" content=\"https:\/\/www.facebook.com\/noqx.io\" \/>\n<meta property=\"article:modified_time\" content=\"2026-02-09T10:55:15+00:00\" \/>\n<meta property=\"og:image\" content=\"https:\/\/noxit.io\/wp-content\/uploads\/2023\/11\/header-jpg.webp\" \/>\n\t<meta property=\"og:image:width\" content=\"2560\" \/>\n\t<meta property=\"og:image:height\" content=\"1440\" \/>\n\t<meta property=\"og:image:type\" content=\"image\/jpeg\" \/>\n<meta name=\"twitter:card\" content=\"summary_large_image\" \/>\n<meta name=\"twitter:label1\" content=\"Dur\u00e9e de lecture estim\u00e9e\" \/>\n\t<meta name=\"twitter:data1\" content=\"2 minutes\" \/>\n<script type=\"application\/ld+json\" class=\"yoast-schema-graph\">{\"@context\":\"https:\\\/\\\/schema.org\",\"@graph\":[{\"@type\":\"WebPage\",\"@id\":\"https:\\\/\\\/noxit.io\\\/fr\\\/contactez-nous\\\/\",\"url\":\"https:\\\/\\\/noxit.io\\\/fr\\\/contactez-nous\\\/\",\"name\":\"Contact us | Noxit\",\"isPartOf\":{\"@id\":\"https:\\\/\\\/noxit.io\\\/fr\\\/#website\"},\"datePublished\":\"2023-05-19T13:58:03+00:00\",\"dateModified\":\"2026-02-09T10:55:15+00:00\",\"description\":\"Connectez-vous avec Noxit : Contactez-nous pour explorer des solutions innovantes de fixation d\u2019objectifs adapt\u00e9es \u00e0 votre succ\u00e8s. Contactez-nous d\u00e8s aujourd\u2019hui !\",\"breadcrumb\":{\"@id\":\"https:\\\/\\\/noxit.io\\\/fr\\\/contactez-nous\\\/#breadcrumb\"},\"inLanguage\":\"fr-FR\",\"potentialAction\":[{\"@type\":\"ReadAction\",\"target\":[\"https:\\\/\\\/noxit.io\\\/fr\\\/contactez-nous\\\/\"]}]},{\"@type\":\"BreadcrumbList\",\"@id\":\"https:\\\/\\\/noxit.io\\\/fr\\\/contactez-nous\\\/#breadcrumb\",\"itemListElement\":[{\"@type\":\"ListItem\",\"position\":1,\"name\":\"Home\",\"item\":\"https:\\\/\\\/noxit.io\\\/fr\\\/\"},{\"@type\":\"ListItem\",\"position\":2,\"name\":\"Contactez-nous\"}]},{\"@type\":\"WebSite\",\"@id\":\"https:\\\/\\\/noxit.io\\\/fr\\\/#website\",\"url\":\"https:\\\/\\\/noxit.io\\\/fr\\\/\",\"name\":\"Noxit\",\"description\":\"Noxit\",\"publisher\":{\"@id\":\"https:\\\/\\\/noxit.io\\\/fr\\\/#organization\"},\"potentialAction\":[{\"@type\":\"SearchAction\",\"target\":{\"@type\":\"EntryPoint\",\"urlTemplate\":\"https:\\\/\\\/noxit.io\\\/fr\\\/?s={search_term_string}\"},\"query-input\":{\"@type\":\"PropertyValueSpecification\",\"valueRequired\":true,\"valueName\":\"search_term_string\"}}],\"inLanguage\":\"fr-FR\"},{\"@type\":\"Organization\",\"@id\":\"https:\\\/\\\/noxit.io\\\/fr\\\/#organization\",\"name\":\"Noxit\",\"url\":\"https:\\\/\\\/noxit.io\\\/fr\\\/\",\"logo\":{\"@type\":\"ImageObject\",\"inLanguage\":\"fr-FR\",\"@id\":\"https:\\\/\\\/noxit.io\\\/fr\\\/#\\\/schema\\\/logo\\\/image\\\/\",\"url\":\"https:\\\/\\\/noxit.io\\\/wp-content\\\/uploads\\\/2023\\\/02\\\/black-logo-1.svg\",\"contentUrl\":\"https:\\\/\\\/noxit.io\\\/wp-content\\\/uploads\\\/2023\\\/02\\\/black-logo-1.svg\",\"width\":714,\"height\":714,\"caption\":\"Noxit\"},\"image\":{\"@id\":\"https:\\\/\\\/noxit.io\\\/fr\\\/#\\\/schema\\\/logo\\\/image\\\/\"},\"sameAs\":[\"https:\\\/\\\/www.facebook.com\\\/noqx.io\",\"https:\\\/\\\/www.instagram.com\\\/lifeatnoqx\\\/\",\"https:\\\/\\\/www.youtube.com\\\/@NOQX-Software\\\/videos\",\"https:\\\/\\\/www.linkedin.com\\\/company\\\/noqx\\\/\"]}]}<\/script>\n<!-- \/ Yoast SEO plugin. -->","yoast_head_json":{"title":"Contact us | Noxit","description":"Connectez-vous avec Noxit : Contactez-nous pour explorer des solutions innovantes de fixation d\u2019objectifs adapt\u00e9es \u00e0 votre succ\u00e8s. Contactez-nous d\u00e8s aujourd\u2019hui !","robots":{"index":"index","follow":"follow","max-snippet":"max-snippet:-1","max-image-preview":"max-image-preview:large","max-video-preview":"max-video-preview:-1"},"canonical":"https:\/\/noxit.io\/fr\/contactez-nous\/","og_locale":"fr_FR","og_type":"article","og_title":"Contact us | Noxit","og_description":"Connectez-vous avec Noxit : Contactez-nous pour explorer des solutions innovantes de fixation d\u2019objectifs adapt\u00e9es \u00e0 votre succ\u00e8s. Contactez-nous d\u00e8s aujourd\u2019hui !","og_url":"https:\/\/noxit.io\/fr\/contactez-nous\/","og_site_name":"Noxit","article_publisher":"https:\/\/www.facebook.com\/noqx.io","article_modified_time":"2026-02-09T10:55:15+00:00","og_image":[{"width":2560,"height":1440,"url":"https:\/\/noxit.io\/wp-content\/uploads\/2023\/11\/header-jpg.webp","type":"image\/jpeg"}],"twitter_card":"summary_large_image","twitter_misc":{"Dur\u00e9e de lecture estim\u00e9e":"2 minutes"},"schema":{"@context":"https:\/\/schema.org","@graph":[{"@type":"WebPage","@id":"https:\/\/noxit.io\/fr\/contactez-nous\/","url":"https:\/\/noxit.io\/fr\/contactez-nous\/","name":"Contact us | Noxit","isPartOf":{"@id":"https:\/\/noxit.io\/fr\/#website"},"datePublished":"2023-05-19T13:58:03+00:00","dateModified":"2026-02-09T10:55:15+00:00","description":"Connectez-vous avec Noxit : Contactez-nous pour explorer des solutions innovantes de fixation d\u2019objectifs adapt\u00e9es \u00e0 votre succ\u00e8s. Contactez-nous d\u00e8s aujourd\u2019hui !","breadcrumb":{"@id":"https:\/\/noxit.io\/fr\/contactez-nous\/#breadcrumb"},"inLanguage":"fr-FR","potentialAction":[{"@type":"ReadAction","target":["https:\/\/noxit.io\/fr\/contactez-nous\/"]}]},{"@type":"BreadcrumbList","@id":"https:\/\/noxit.io\/fr\/contactez-nous\/#breadcrumb","itemListElement":[{"@type":"ListItem","position":1,"name":"Home","item":"https:\/\/noxit.io\/fr\/"},{"@type":"ListItem","position":2,"name":"Contactez-nous"}]},{"@type":"WebSite","@id":"https:\/\/noxit.io\/fr\/#website","url":"https:\/\/noxit.io\/fr\/","name":"Noxit","description":"Noxit","publisher":{"@id":"https:\/\/noxit.io\/fr\/#organization"},"potentialAction":[{"@type":"SearchAction","target":{"@type":"EntryPoint","urlTemplate":"https:\/\/noxit.io\/fr\/?s={search_term_string}"},"query-input":{"@type":"PropertyValueSpecification","valueRequired":true,"valueName":"search_term_string"}}],"inLanguage":"fr-FR"},{"@type":"Organization","@id":"https:\/\/noxit.io\/fr\/#organization","name":"Noxit","url":"https:\/\/noxit.io\/fr\/","logo":{"@type":"ImageObject","inLanguage":"fr-FR","@id":"https:\/\/noxit.io\/fr\/#\/schema\/logo\/image\/","url":"https:\/\/noxit.io\/wp-content\/uploads\/2023\/02\/black-logo-1.svg","contentUrl":"https:\/\/noxit.io\/wp-content\/uploads\/2023\/02\/black-logo-1.svg","width":714,"height":714,"caption":"Noxit"},"image":{"@id":"https:\/\/noxit.io\/fr\/#\/schema\/logo\/image\/"},"sameAs":["https:\/\/www.facebook.com\/noqx.io","https:\/\/www.instagram.com\/lifeatnoqx\/","https:\/\/www.youtube.com\/@NOQX-Software\/videos","https:\/\/www.linkedin.com\/company\/noqx\/"]}]}},"_links":{"self":[{"href":"https:\/\/noxit.io\/fr\/wp-json\/wp\/v2\/pages\/17975","targetHints":{"allow":["GET"]}}],"collection":[{"href":"https:\/\/noxit.io\/fr\/wp-json\/wp\/v2\/pages"}],"about":[{"href":"https:\/\/noxit.io\/fr\/wp-json\/wp\/v2\/types\/page"}],"author":[{"embeddable":true,"href":"https:\/\/noxit.io\/fr\/wp-json\/wp\/v2\/users\/3"}],"replies":[{"embeddable":true,"href":"https:\/\/noxit.io\/fr\/wp-json\/wp\/v2\/comments?post=17975"}],"version-history":[{"count":3,"href":"https:\/\/noxit.io\/fr\/wp-json\/wp\/v2\/pages\/17975\/revisions"}],"predecessor-version":[{"id":24575,"href":"https:\/\/noxit.io\/fr\/wp-json\/wp\/v2\/pages\/17975\/revisions\/24575"}],"wp:attachment":[{"href":"https:\/\/noxit.io\/fr\/wp-json\/wp\/v2\/media?parent=17975"}],"curies":[{"name":"wp","href":"https:\/\/api.w.org\/{rel}","templated":true}]}}